{"id":1766,"date":"2019-04-24T10:21:51","date_gmt":"2019-04-24T10:21:51","guid":{"rendered":"http:\/\/34.65.207.89\/?page_id=1766"},"modified":"2019-08-13T18:01:09","modified_gmt":"2019-08-13T15:01:09","slug":"footer-ideus","status":"publish","type":"page","link":"https:\/\/www.ideus.com.tr\/index.php\/footer-ideus\/","title":{"rendered":"footer-ideus"},"content":{"rendered":"<section class=\"kc-elm kc-css-994750 kc_row\"><div class=\"kc-row-container  kc-container\"><div class=\"kc-wrap-columns\"><div class=\"kc-elm kc-css-785322 kc_col-sm-4 kc_column kc_col-sm-4\"><div class=\"kc-col-container\"><div class=\"kc-elm kc-css-754055 kc_text_block\"><\/p>\n<div>IDEUS Telecommunications Education and Trade Ltd. Company<\/div>\n<div><span style=\"font-family: Roboto, Arial, sans-serif; font-size: 13px; background-color: rgba(0, 0, 0, 0.03);\">Sultantepe Mahallesi, S\u00f6zbir Plaza, Pa\u015fa Liman\u0131 St. No:12\/2, 34674 \u00dcsk\u00fcdar\/\u0130stanbul, Turkey<\/span><\/div>\n<div><span style=\"font-family: Roboto, Arial, sans-serif; font-size: 13px; background-color: rgba(0, 0, 0, 0.03);\">\u00a0<\/span><\/div>\n<div><span style=\"font-family: Roboto, Arial, sans-serif; font-size: 13px; background-color: rgba(0, 0, 0, 0.03);\"><a href=\"tel:+902165651660\">+90 216 565 16 60<\/a><\/span><\/div>\n<p>\n<\/div><\/div><\/div><div class=\"kc-elm kc-css-16386 kc_col-sm-4 kc_column kc_col-sm-4\"><div class=\"kc-col-container\"><div class=\"kc-elm kc-css-149757 kc-multi-icons-wrapper\">\n\t\t\t<a href=\"https:\/\/twitter.com\/ideusbilisim\" target=\"_blank\" title=\"\" class=\"multi-icons-link multi-iconsfab-twitter\">\n\t\t\t<i class=\"fab-twitter\"><\/i>\n\t\t<\/a>\n\n\t\t\t<a href=\"https:\/\/www.linkedin.com\/company\/ideus-bilisim\" target=\"_blank\" title=\"\" class=\"multi-icons-link multi-iconsfab-linkedin\">\n\t\t\t<i class=\"fab-linkedin\"><\/i>\n\t\t<\/a>\n\n\t<\/div>\n<\/div><\/div><div class=\"kc-elm kc-css-932326 kc_col-sm-4 kc_column kc_col-sm-4\"><div class=\"kc-col-container\"><div class=\"kc-elm kc-css-691881 kc_google_maps kc_shortcode\"><div style=\"height: 200px\" class=\"kc-google-maps\"><iframe src=\"https:\/\/maps.google.com\/maps?q=ideus%20bilisim&t=m&z=14&output=embed&iwloc=near\" width=\"100%\" height=\"200\" frameborder=\"0\" style=\"border:0\" allowfullscreen><\/iframe><\/div><\/div><\/div><\/div><\/div><\/div><\/section>\n","protected":false},"excerpt":{"rendered":"","protected":false},"author":1,"featured_media":0,"parent":0,"menu_order":0,"comment_status":"closed","ping_status":"closed","template":"tpl-king-composer.php","meta":{"spay_email":""},"_links":{"self":[{"href":"https:\/\/www.ideus.com.tr\/index.php\/wp-json\/wp\/v2\/pages\/1766"}],"collection":[{"href":"https:\/\/www.ideus.com.tr\/index.php\/wp-json\/wp\/v2\/pages"}],"about":[{"href":"https:\/\/www.ideus.com.tr\/index.php\/wp-json\/wp\/v2\/types\/page"}],"author":[{"embeddable":true,"href":"https:\/\/www.ideus.com.tr\/index.php\/wp-json\/wp\/v2\/users\/1"}],"replies":[{"embeddable":true,"href":"https:\/\/www.ideus.com.tr\/index.php\/wp-json\/wp\/v2\/comments?post=1766"}],"version-history":[{"count":35,"href":"https:\/\/www.ideus.com.tr\/index.php\/wp-json\/wp\/v2\/pages\/1766\/revisions"}],"predecessor-version":[{"id":2508,"href":"https:\/\/www.ideus.com.tr\/index.php\/wp-json\/wp\/v2\/pages\/1766\/revisions\/2508"}],"wp:attachment":[{"href":"https:\/\/www.ideus.com.tr\/index.php\/wp-json\/wp\/v2\/media?parent=1766"}],"curies":[{"name":"wp","href":"https:\/\/api.w.org\/{rel}","templated":true}]}}