{"id":2117,"date":"2019-05-07T14:39:06","date_gmt":"2019-05-07T11:39:06","guid":{"rendered":"http:\/\/34.65.207.89\/?page_id=2117"},"modified":"2020-06-01T10:24:36","modified_gmt":"2020-06-01T07:24:36","slug":"aruba-hpe-turkiye-egitim","status":"publish","type":"page","link":"https:\/\/www.ideus.com.tr\/index.php\/tr\/aruba-hpe-turkiye-egitim\/","title":{"rendered":"Aruba HPE Training _ Tr"},"content":{"rendered":"<p><section data-kc-fullwidth=\"content\" class=\"kc-elm kc-css-315450 kc_row\"><div class=\"kc-row-container\"><div class=\"kc-wrap-columns\"><div class=\"kc-elm kc-css-496110 kc_col-sm-12 kc_column kc_col-sm-12\"><div class=\"kc-col-container\"><div class=\"kc-elm kc-css-90781 kc-animated kc-animate-eff-fadeInDown kc_shortcode kc_single_image\">\n\n        <img src=\"https:\/\/www.ideus.com.tr\/wp-content\/uploads\/2020\/05\/mainHeader_trainingV4-1.jpg\" class=\"\" alt=\"\" \/>    <\/div>\n<\/div><\/div><\/div><\/div><\/section><section class=\"kc-elm kc-css-16329 kc_row\"><div class=\"kc-row-container  kc-container\"><div class=\"kc-wrap-columns\"><div class=\"kc-elm kc-css-348799 kc_col-sm-12 kc_column kc_col-sm-12\"><div class=\"kc-col-container\"><div class=\"kc-elm kc-css-266943\" style=\"height: 10px; clear: both; width:100%;\"><\/div><\/div><\/div><\/div><\/div><\/section><section class=\"kc-elm kc-css-116123 kc_row\"><div class=\"kc-row-container  kc-container\"><div class=\"kc-wrap-columns\"><div class=\"kc-elm kc-css-552021 kc_col-sm-6 kc_column kc_col-sm-6\"><div class=\"kc-col-container\"><div class=\"kc-elm kc-css-811167 kc_text_block\"><\/p>\n<h5>HPE Aruba Networks\u00ae \u00fcr\u00fcnlerinin kullan\u0131m\u0131 ve y\u00f6netimi konusunda alaca\u011f\u0131n\u0131z profesyonel e\u011fitimlerle; karma\u015f\u0131k teknik sorunlar\u0131n \u00fcstesinden gelmeyi \u00f6\u011frenirsiniz.<\/h5>\n<h5><strong>IDEUS<\/strong>, sertifikal\u0131 ve yetkin e\u011fitmenleri ile HPE Aruba Networks\u00ae \u00fcr\u00fcnlerinin T\u00fcrkiye&#8217;deki &#8220;Tekili E\u011fitim Merkezidir\".<\/h5>\n<h5><\/h5>\n<h5><strong><br \/>\nIDEUS&#8217;ta alabilece\u011finiz HPE Aruba Networks\u00ae E\u011fitimleri:<\/strong><\/h5>\n<h5>Aruba Mobility Fundamentals (old course name:<br \/>\nImplementing Aruba WLAN (IAW) 8)<br \/>\nImplementing Aruba Location Services Rev (EAE)<br \/>\nImplementing Aruba Campus Switching Solutions (IACSS)<br \/>\nClearPass Essentials (CPE)<br \/>\nAruba Switching Fundamentals (ASFM)<br \/>\nAirWave Wireless Management Suite Installation, Configuration and Use (AICU) 8.2<br \/>\nImplementing Aruba Mobility (old course name:<br \/>\nScalable WLAN Design and Implementation (SWDI) 8 )<\/h5>\n<p>\n<\/div><\/div><\/div><div class=\"kc-elm kc-css-502291 kc_col-sm-6 kc_column kc_col-sm-6\"><div class=\"kc-col-container\">\n\t<div class=\"kc-elm kc-css-426580 kc_shortcode kc_video_play kc_video_wrapper\" data-video=\"https:\/\/www.youtube.com\/watch?v=2B7sDq1sflE\" data-width=\"600\" data-height=\"338.98305084746\" data-fullwidth=\"\" data-autoplay=\"\" data-loop=\"yes\" data-control=\"yes\" data-related=\"\" data-showinfo=\"\" data-kc-video-mute=\"\">\n\t\t\t<\/div>\n\n<\/div><\/div><\/div><\/div><\/section><section class=\"kc-elm kc-css-973707 kc_row\"><div class=\"kc-row-container  kc-container\"><div class=\"kc-wrap-columns\"><div class=\"kc-elm kc-css-631262 kc_col-sm-12 kc_column kc_col-sm-12\"><div class=\"kc-col-container\"><div class=\"kc-elm kc-css-565688\" style=\"height: 20px; clear: both; width:100%;\"><\/div><\/div><\/div><\/div><\/div><\/section><section class=\"kc-elm kc-css-612442 kc_row\"><div class=\"kc-row-container  kc-container\"><div class=\"kc-wrap-columns\"><div class=\"kc-elm kc-css-717239 kc_col-sm-12 kc_column kc_col-sm-12\"><div class=\"kc-col-container\">\n<div class=\"kc-elm kc-css-104750 divider_line\">\n\t<div class=\"divider_inner divider_line3\">\n\t\t<span class=\"line_text\">Ligthboard Online E\u011fitimlerimiz<\/span>\t<\/div>\n<\/div>\n<\/div><\/div><\/div><\/div><\/section><section class=\"kc-elm kc-css-89794 kc_row\"><div class=\"kc-row-container  kc-container\"><div class=\"kc-wrap-columns\"><div class=\"kc-elm kc-css-489206 kc_col-sm-12 kc_column kc_col-sm-12\"><div class=\"kc-col-container\"><\/div><\/div><\/div><\/div><\/section><section data-kc-equalheight=\"true\" data-kc-equalheight-align=\"top\" class=\"kc-elm kc-css-387142 kc_row\"><div class=\"kc-row-container  kc-container\"><div class=\"kc-wrap-columns\"><div class=\"kc-elm kc-css-707595 kc_col-sm-6 kc_column kc_col-sm-6\"><div class=\"kc-col-container\"><div class=\"kc-elm kc-css-954026 kc-animated kc-animate-eff-fadeInLeft\">\n\t<div class=\"kc-carousel_images kc-elm kc-css-954026 kc-animated kc-animate-eff-fadeInLeft\">\n\t\n\t\t<div class=\"kc-carousel-images owl-carousel-images kc-sync1 \" data-owl-i-options='{\"items\":\"3\",\"tablet\":\"2\",\"mobile\":\"1\",\"speed\":\"1066\",\"navigation\":\"\",\"pagination\":\"yes\",\"autoheight\":\"\",\"progressbar\":\"yes\",\"delay\":\"2\",\"autoplay\":\"yes\",\"showthumb\":\"yes\",\"num_thumb\":\"5\"}'>\n\t\n\t\t\t\t\t<div class=\"item\">\n\t\n\t\t\t\t\t\t\t<img src=\"https:\/\/www.ideus.com.tr\/wp-content\/uploads\/2019\/11\/GoToTraining-001-1024x637.png\"  alt=\"\"\/>\n\t\n\t\t\t\t\n\t\t\t<\/div>\n\t\n\t\t\t\t\t<div class=\"item\">\n\t\n\t\t\t\t\t\t\t<img src=\"https:\/\/www.ideus.com.tr\/wp-content\/uploads\/2019\/11\/GoToTraining-002-1024x637.png\"  alt=\"\"\/>\n\t\n\t\t\t\t\n\t\t\t<\/div>\n\t\n\t\t\t\t\t<div class=\"item\">\n\t\n\t\t\t\t\t\t\t<img src=\"https:\/\/www.ideus.com.tr\/wp-content\/uploads\/2019\/11\/GoToTraining-003-1024x637.png\"  alt=\"\"\/>\n\t\n\t\t\t\t\n\t\t\t<\/div>\n\t\n\t\t\t\t\t<div class=\"item\">\n\t\n\t\t\t\t\t\t\t<img src=\"https:\/\/www.ideus.com.tr\/wp-content\/uploads\/2019\/11\/GoToTraining-004-1024x637.png\"  alt=\"\"\/>\n\t\n\t\t\t\t\n\t\t\t<\/div>\n\t\n\t\t\t\t\t<div class=\"item\">\n\t\n\t\t\t\t\t\t\t<img src=\"https:\/\/www.ideus.com.tr\/wp-content\/uploads\/2019\/11\/GoToTraining-005-1024x637.png\"  alt=\"\"\/>\n\t\n\t\t\t\t\n\t\t\t<\/div>\n\t\n\t\t\t\t\t<div class=\"item\">\n\t\n\t\t\t\t\t\t\t<img src=\"https:\/\/www.ideus.com.tr\/wp-content\/uploads\/2019\/11\/GoToTraining-007-1024x637.png\"  alt=\"\"\/>\n\t\n\t\t\t\t\n\t\t\t<\/div>\n\t\n\t\t\t\t\t<div class=\"item\">\n\t\n\t\t\t\t\t\t\t<img src=\"https:\/\/www.ideus.com.tr\/wp-content\/uploads\/2019\/11\/GoToTraining-008-1024x637.png\"  alt=\"\"\/>\n\t\n\t\t\t\t\n\t\t\t<\/div>\n\t\n\t\t\t\t\t<div class=\"item\">\n\t\n\t\t\t\t\t\t\t<img src=\"https:\/\/www.ideus.com.tr\/wp-content\/uploads\/2019\/11\/GoToTraining-009-1024x637.png\"  alt=\"\"\/>\n\t\n\t\t\t\t\n\t\t\t<\/div>\n\t\n\t\t\t\t\t<div class=\"item\">\n\t\n\t\t\t\t\t\t\t<img src=\"https:\/\/www.ideus.com.tr\/wp-content\/uploads\/2019\/11\/GoToTraining-010-1024x637.png\"  alt=\"\"\/>\n\t\n\t\t\t\t\n\t\t\t<\/div>\n\t\n\t\t\t\t\t<div class=\"item\">\n\t\n\t\t\t\t\t\t\t<img src=\"https:\/\/www.ideus.com.tr\/wp-content\/uploads\/2019\/11\/GoToTraining-011-1024x637.png\"  alt=\"\"\/>\n\t\n\t\t\t\t\n\t\t\t<\/div>\n\t\n\t\t\t\t\t<div class=\"item\">\n\t\n\t\t\t\t\t\t\t<img src=\"https:\/\/www.ideus.com.tr\/wp-content\/uploads\/2019\/11\/GoToTraining-012-1024x637.png\"  alt=\"\"\/>\n\t\n\t\t\t\t\n\t\t\t<\/div>\n\t\n\t\t\t\t\t<div class=\"item\">\n\t\n\t\t\t\t\t\t\t<img src=\"https:\/\/www.ideus.com.tr\/wp-content\/uploads\/2019\/11\/GoToTraining-013-1024x637.png\"  alt=\"\"\/>\n\t\n\t\t\t\t\n\t\t\t<\/div>\n\t\n\t\t\t\t\t<div class=\"item\">\n\t\n\t\t\t\t\t\t\t<img src=\"https:\/\/www.ideus.com.tr\/wp-content\/uploads\/2019\/11\/GoToTraining-014-1024x637.png\"  alt=\"\"\/>\n\t\n\t\t\t\t\n\t\t\t<\/div>\n\t\n\t\t\t\t\t<div class=\"item\">\n\t\n\t\t\t\t\t\t\t<img src=\"https:\/\/www.ideus.com.tr\/wp-content\/uploads\/2019\/11\/GoToTraining-016-1024x637.png\"  alt=\"\"\/>\n\t\n\t\t\t\t\n\t\t\t<\/div>\n\t\n\t\t\t\t\t<div class=\"item\">\n\t\n\t\t\t\t\t\t\t<img src=\"https:\/\/www.ideus.com.tr\/wp-content\/uploads\/2019\/06\/ideus25-1024x640.png\"  alt=\"\"\/>\n\t\n\t\t\t\t\n\t\t\t<\/div>\n\t\n\t\t\t\t\t<div class=\"item\">\n\t\n\t\t\t\t\t\t\t<img src=\"https:\/\/www.ideus.com.tr\/wp-content\/uploads\/2019\/06\/ideus29-1024x640.png\"  alt=\"\"\/>\n\t\n\t\t\t\t\n\t\t\t<\/div>\n\t\n\t\t\t\t\t<div class=\"item\">\n\t\n\t\t\t\t\t\t\t<img src=\"https:\/\/www.ideus.com.tr\/wp-content\/uploads\/2019\/06\/ideus5-1024x639.png\"  alt=\"\"\/>\n\t\n\t\t\t\t\n\t\t\t<\/div>\n\t\n\t\t\t\t\t<div class=\"item\">\n\t\n\t\t\t\t\t\t\t<img src=\"https:\/\/www.ideus.com.tr\/wp-content\/uploads\/2019\/06\/ideus12-1024x639.png\"  alt=\"\"\/>\n\t\n\t\t\t\t\n\t\t\t<\/div>\n\t\n\t\t\t\t\t<div class=\"item\">\n\t\n\t\t\t\t\t\t\t<img src=\"https:\/\/www.ideus.com.tr\/wp-content\/uploads\/2019\/06\/ideus23-1-1024x640.png\"  alt=\"\"\/>\n\t\n\t\t\t\t\n\t\t\t<\/div>\n\t\n\t\t\t\t\t<div class=\"item\">\n\t\n\t\t\t\t\t\t\t<img src=\"https:\/\/www.ideus.com.tr\/wp-content\/uploads\/2019\/06\/ideus24-1-1024x640.png\"  alt=\"\"\/>\n\t\n\t\t\t\t\n\t\t\t<\/div>\n\t\n\t\t\t\t\t<div class=\"item\">\n\t\n\t\t\t\t\t\t\t<img src=\"https:\/\/www.ideus.com.tr\/wp-content\/uploads\/2019\/06\/ideus18-1-1024x639.png\"  alt=\"\"\/>\n\t\n\t\t\t\t\n\t\t\t<\/div>\n\t\n\t\t\t\t\t<div class=\"item\">\n\t\n\t\t\t\t\t\t\t<img src=\"https:\/\/www.ideus.com.tr\/wp-content\/uploads\/2019\/06\/ideus7-1024x639.png\"  alt=\"\"\/>\n\t\n\t\t\t\t\n\t\t\t<\/div>\n\t\n\t\t\t\t\t<div class=\"item\">\n\t\n\t\t\t\t\t\t\t<img src=\"https:\/\/www.ideus.com.tr\/wp-content\/uploads\/2019\/06\/ideus17-1024x639.png\"  alt=\"\"\/>\n\t\n\t\t\t\t\n\t\t\t<\/div>\n\t\n\t\t\t\t\t<div class=\"item\">\n\t\n\t\t\t\t\t\t\t<img src=\"https:\/\/www.ideus.com.tr\/wp-content\/uploads\/2019\/06\/ideus18-1024x639.png\"  alt=\"\"\/>\n\t\n\t\t\t\t\n\t\t\t<\/div>\n\t\n\t\t\t\n\t\t<\/div>\n\t\n\t\t\t\n\t\t<div class=\"kc-sync2 owl-carousel\">\n\t\t\t\t\n\t\t\t\t<div class=\"item\">\n\t\t\t\t\t<img src=\"https:\/\/www.ideus.com.tr\/wp-content\/uploads\/2019\/11\/GoToTraining-001-1024x637.png\" alt=\"\" \/>\n\t\t\t\t<\/div>\n\t\n\t\t\t\t\n\t\t\t\t<div class=\"item\">\n\t\t\t\t\t<img src=\"https:\/\/www.ideus.com.tr\/wp-content\/uploads\/2019\/11\/GoToTraining-002-1024x637.png\" alt=\"\" \/>\n\t\t\t\t<\/div>\n\t\n\t\t\t\t\n\t\t\t\t<div class=\"item\">\n\t\t\t\t\t<img src=\"https:\/\/www.ideus.com.tr\/wp-content\/uploads\/2019\/11\/GoToTraining-003-1024x637.png\" alt=\"\" \/>\n\t\t\t\t<\/div>\n\t\n\t\t\t\t\n\t\t\t\t<div class=\"item\">\n\t\t\t\t\t<img src=\"https:\/\/www.ideus.com.tr\/wp-content\/uploads\/2019\/11\/GoToTraining-004-1024x637.png\" alt=\"\" \/>\n\t\t\t\t<\/div>\n\t\n\t\t\t\t\n\t\t\t\t<div class=\"item\">\n\t\t\t\t\t<img src=\"https:\/\/www.ideus.com.tr\/wp-content\/uploads\/2019\/11\/GoToTraining-005-1024x637.png\" alt=\"\" \/>\n\t\t\t\t<\/div>\n\t\n\t\t\t\t\n\t\t\t\t<div class=\"item\">\n\t\t\t\t\t<img src=\"https:\/\/www.ideus.com.tr\/wp-content\/uploads\/2019\/11\/GoToTraining-007-1024x637.png\" alt=\"\" \/>\n\t\t\t\t<\/div>\n\t\n\t\t\t\t\n\t\t\t\t<div class=\"item\">\n\t\t\t\t\t<img src=\"https:\/\/www.ideus.com.tr\/wp-content\/uploads\/2019\/11\/GoToTraining-008-1024x637.png\" alt=\"\" \/>\n\t\t\t\t<\/div>\n\t\n\t\t\t\t\n\t\t\t\t<div class=\"item\">\n\t\t\t\t\t<img src=\"https:\/\/www.ideus.com.tr\/wp-content\/uploads\/2019\/11\/GoToTraining-009-1024x637.png\" alt=\"\" \/>\n\t\t\t\t<\/div>\n\t\n\t\t\t\t\n\t\t\t\t<div class=\"item\">\n\t\t\t\t\t<img src=\"https:\/\/www.ideus.com.tr\/wp-content\/uploads\/2019\/11\/GoToTraining-010-1024x637.png\" alt=\"\" \/>\n\t\t\t\t<\/div>\n\t\n\t\t\t\t\n\t\t\t\t<div class=\"item\">\n\t\t\t\t\t<img src=\"https:\/\/www.ideus.com.tr\/wp-content\/uploads\/2019\/11\/GoToTraining-011-1024x637.png\" alt=\"\" \/>\n\t\t\t\t<\/div>\n\t\n\t\t\t\t\n\t\t\t\t<div class=\"item\">\n\t\t\t\t\t<img src=\"https:\/\/www.ideus.com.tr\/wp-content\/uploads\/2019\/11\/GoToTraining-012-1024x637.png\" alt=\"\" \/>\n\t\t\t\t<\/div>\n\t\n\t\t\t\t\n\t\t\t\t<div class=\"item\">\n\t\t\t\t\t<img src=\"https:\/\/www.ideus.com.tr\/wp-content\/uploads\/2019\/11\/GoToTraining-013-1024x637.png\" alt=\"\" \/>\n\t\t\t\t<\/div>\n\t\n\t\t\t\t\n\t\t\t\t<div class=\"item\">\n\t\t\t\t\t<img src=\"https:\/\/www.ideus.com.tr\/wp-content\/uploads\/2019\/11\/GoToTraining-014-1024x637.png\" alt=\"\" \/>\n\t\t\t\t<\/div>\n\t\n\t\t\t\t\n\t\t\t\t<div class=\"item\">\n\t\t\t\t\t<img src=\"https:\/\/www.ideus.com.tr\/wp-content\/uploads\/2019\/11\/GoToTraining-016-1024x637.png\" alt=\"\" \/>\n\t\t\t\t<\/div>\n\t\n\t\t\t\t\n\t\t\t\t<div class=\"item\">\n\t\t\t\t\t<img src=\"https:\/\/www.ideus.com.tr\/wp-content\/uploads\/2019\/06\/ideus25-1024x640.png\" alt=\"\" \/>\n\t\t\t\t<\/div>\n\t\n\t\t\t\t\n\t\t\t\t<div class=\"item\">\n\t\t\t\t\t<img src=\"https:\/\/www.ideus.com.tr\/wp-content\/uploads\/2019\/06\/ideus29-1024x640.png\" alt=\"\" \/>\n\t\t\t\t<\/div>\n\t\n\t\t\t\t\n\t\t\t\t<div class=\"item\">\n\t\t\t\t\t<img src=\"https:\/\/www.ideus.com.tr\/wp-content\/uploads\/2019\/06\/ideus5-1024x639.png\" alt=\"\" \/>\n\t\t\t\t<\/div>\n\t\n\t\t\t\t\n\t\t\t\t<div class=\"item\">\n\t\t\t\t\t<img src=\"https:\/\/www.ideus.com.tr\/wp-content\/uploads\/2019\/06\/ideus12-1024x639.png\" alt=\"\" \/>\n\t\t\t\t<\/div>\n\t\n\t\t\t\t\n\t\t\t\t<div class=\"item\">\n\t\t\t\t\t<img src=\"https:\/\/www.ideus.com.tr\/wp-content\/uploads\/2019\/06\/ideus23-1-1024x640.png\" alt=\"\" \/>\n\t\t\t\t<\/div>\n\t\n\t\t\t\t\n\t\t\t\t<div class=\"item\">\n\t\t\t\t\t<img src=\"https:\/\/www.ideus.com.tr\/wp-content\/uploads\/2019\/06\/ideus24-1-1024x640.png\" alt=\"\" \/>\n\t\t\t\t<\/div>\n\t\n\t\t\t\t\n\t\t\t\t<div class=\"item\">\n\t\t\t\t\t<img src=\"https:\/\/www.ideus.com.tr\/wp-content\/uploads\/2019\/06\/ideus18-1-1024x639.png\" alt=\"\" \/>\n\t\t\t\t<\/div>\n\t\n\t\t\t\t\n\t\t\t\t<div class=\"item\">\n\t\t\t\t\t<img src=\"https:\/\/www.ideus.com.tr\/wp-content\/uploads\/2019\/06\/ideus7-1024x639.png\" alt=\"\" \/>\n\t\t\t\t<\/div>\n\t\n\t\t\t\t\n\t\t\t\t<div class=\"item\">\n\t\t\t\t\t<img src=\"https:\/\/www.ideus.com.tr\/wp-content\/uploads\/2019\/06\/ideus17-1024x639.png\" alt=\"\" \/>\n\t\t\t\t<\/div>\n\t\n\t\t\t\t\n\t\t\t\t<div class=\"item\">\n\t\t\t\t\t<img src=\"https:\/\/www.ideus.com.tr\/wp-content\/uploads\/2019\/06\/ideus18-1024x639.png\" alt=\"\" \/>\n\t\t\t\t<\/div>\n\t\n\t\t\t\t\t<\/div>\n\t\n\t\t\t<\/div>\n<\/div>\n<\/div><\/div><div class=\"kc-elm kc-css-432182 kc_col-sm-6 kc_column kc_col-sm-6\"><div class=\"kc-col-container\"><div class=\"kc-elm kc-css-589915 kc_text_block\"><\/p>\n<p>Lightboard teknolojisini kullanarak hem Palo Alto Networks\u00ae hem de HPE Aruba Networks\u00ae E\u011fitimlerini online \/virtual olarak vermekteyiz.<\/p>\n<p>Lightboard Teknolojisi bize daha do\u011fal yollardan e\u011fitim vermemize olanak sa\u011fl\u0131yor.<\/p>\n<p>Lightboard Teknolojisi, e\u011fitimlerimizi daha h\u0131zl\u0131 ve daha etkin bir \u015fekilde vermemize yard\u0131mc\u0131 oluyor.<\/p>\n<p>Kat\u0131l\u0131mc\u0131lar\u0131m\u0131z bu y\u00f6ntemle t\u00fcm dikkatlerini tahtada anlat\u0131lan konuya verebiliyorlar.<\/p>\n<p>Online Palo Alto Networks\u00ae ve HPE Aruba Networks\u00ae E\u011fitimlerinde sadece Lightboard&#8217;u de\u011fil MS Powerpoint Sunumlar\u0131, CLI ekranlar\u0131 ve Web aray\u00fczlerini de kullan\u0131yoruz.<\/p>\n<p>\n<\/div><\/div><\/div><\/div><\/div><\/section><section class=\"kc-elm kc-css-695270 kc_row\"><div class=\"kc-row-container  kc-container\"><div class=\"kc-wrap-columns\"><div class=\"kc-elm kc-css-188363 kc_col-sm-12 kc_column kc_col-sm-12\"><div class=\"kc-col-container\">\n<div class=\"kc-elm kc-css-513053 kc-call-to-action kc-cta-2 kc-is-button\">\n\n\t<div class=\"kc-cta-desc\"><h2>HPE Aruba Networks\u00ae E\u011fitim Takvimi<\/h2><div class=\"kc-cta-text\">HPE Aruba Networks\u00ae e\u011fitim takvimi i\u00e7in \"E\u011fitim Takvimi\" sayfam\u0131za g\u00f6z at\u0131n.<\/div><\/div><div class=\"kc-cta-button\"><a href=\"http:\/\/34.90.35.0\/tr\/training-calendar-_-tr\/\" title=\"Training Calender\">\u0130ncele <span class=\"kc-cta-icon\"><i class=\"fa-hand-o-right\"><\/i><\/span><\/a><\/div>\n<\/div>\n<\/div><\/div><\/div><\/div><\/section><section class=\"kc-elm kc-css-248088 kc_row\"><div class=\"kc-row-container  kc-container\"><div class=\"kc-wrap-columns\"><div class=\"kc-elm kc-css-520211 kc_col-sm-12 kc_column kc_col-sm-12\"><div class=\"kc-col-container\"><div class=\"kc-elm kc-css-500009 kc_text_block\"><\/p>\n<h3>Aruba \u2013 Aruba Mobility Fundamentals (AMF)<\/h3>\n<h6>Old Course Name:<br \/>\nImplementing Aruba WLANs (IAW) 8.0<\/h6>\n<h6>This course teaches the knowledge, skills and practical experience required to set up and configure a basic Aruba WLAN utilizing the OS 8.X architecture and features. Using lecture and labs, this course provides the technical understanding and hands-on experience of configuring a single Mobility Master with one controller and AP Aruba WLAN. Participants will learn how to use Aruba hardware and ArubaOS to install and build a complete, secure controller network with multiple SSIDs.<\/h6>\n<h5>This course provides the underlying material required to prepare candidates for the Aruba Certified Mobility Associate (ACMA) V8 certification exam.<\/h5>\n<p>\n<\/div><\/div><\/div><\/div><\/div><\/section><section class=\"kc-elm kc-css-585985 kc_row\"><div class=\"kc-row-container  kc-container\"><div class=\"kc-wrap-columns\"><div class=\"kc-elm kc-css-603711 kc_col-sm-12 kc_column kc_col-sm-12\"><div class=\"kc-col-container\"><div class=\"kc-elm kc-css-272393\" style=\"height: 20px; clear: both; width:100%;\"><\/div><\/div><\/div><\/div><\/div><\/section><section class=\"kc-elm kc-css-900501 kc_row\"><div class=\"kc-row-container  kc-container\"><div class=\"kc-wrap-columns\"><div class=\"kc-elm kc-css-323615 kc_col-sm-12 kc_column kc_col-sm-12\"><div class=\"kc-col-container\"><div class=\"kc-elm kc-css-92732 kc_text_block\"><\/p>\n<h3>Aruba &#8211; Implementing Aruba Campus Switching Solutions &#8211; (IACSS)<\/h3>\n<h6>This course teaches you how to implement and operate enterprise-level Aruba campus switching solutions. Hand-on labs give you experience with ArubaOS-Switches, including securing access, redundancy technologies such as Multiple Spanning Tree Protocol (MSTP), link aggregation techniques including Link Aggregation Protocol (LACP) and switch virtualization with HPE\u2019s Virtual Switching Framework (VSF). You will also learn to configure dynamic routing with Open Shortest Path First (OSPF) and Border Gateway Protocol (BGP), network optimization via Quality of Service (QoS), IP multicast routing leveraging Protocol Independent Multicast (PIM), and protecting the network using Access Control Lists (ACLs). This course is approximately 30% lecture and 70% hands on lab exercises.<\/h6>\n<h5>Upon completion of the course, participants are eligible to take the Aruba Certified Switching Professional certification (ACSP) exam at Pearson VUE.<\/h5>\n<p>\n<\/div><\/div><\/div><\/div><\/div><\/section><section class=\"kc-elm kc-css-416501 kc_row\"><div class=\"kc-row-container  kc-container\"><div class=\"kc-wrap-columns\"><div class=\"kc-elm kc-css-908338 kc_col-sm-12 kc_column kc_col-sm-12\"><div class=\"kc-col-container\"><div class=\"kc-elm kc-css-181744\" style=\"height: 20px; clear: both; width:100%;\"><\/div><\/div><\/div><\/div><\/div><\/section><section class=\"kc-elm kc-css-808798 kc_row\"><div class=\"kc-row-container  kc-container\"><div class=\"kc-wrap-columns\"><div class=\"kc-elm kc-css-846680 kc_col-sm-12 kc_column kc_col-sm-12\"><div class=\"kc-col-container\"><div class=\"kc-elm kc-css-721460 kc_text_block\"><\/p>\n<h3>Aruba &#8211; ClearPass Essentials (CPE)<\/h3>\n<h6>This Instructor Led Training (ILT) course prepares participants with foundational skills in Network Access Control using the ClearPass product portfolio. This 5-day classroom session includes both modules and labs to teach participants about the major features of the ClearPass portfolio. Participants will learn how to setup ClearPass as a AAA server, and configure the Policy Manager, Guest, OnGuard and OnBoard feature sets. In addition, this course covers integration with external Active Directory servers, Monitoring and Reporting, as well as deployment best practices.<\/h6>\n<h5>Upon completion of the course, participants are eligible to take the Aruba Certified ClearPass Professional certification (ACCP) exam at Pearson VUE.<\/h5>\n<p>\n<\/div><\/div><\/div><\/div><\/div><\/section><section class=\"kc-elm kc-css-963271 kc_row\"><div class=\"kc-row-container  kc-container\"><div class=\"kc-wrap-columns\"><div class=\"kc-elm kc-css-222924 kc_col-sm-12 kc_column kc_col-sm-12\"><div class=\"kc-col-container\"><div class=\"kc-elm kc-css-849945\" style=\"height: 20px; clear: both; width:100%;\"><\/div><\/div><\/div><\/div><\/div><\/section><section class=\"kc-elm kc-css-80970 kc_row\"><div class=\"kc-row-container  kc-container\"><div class=\"kc-wrap-columns\"><div class=\"kc-elm kc-css-725974 kc_col-sm-12 kc_column kc_col-sm-12\"><div class=\"kc-col-container\"><div class=\"kc-elm kc-css-190757 kc_text_block\"><\/p>\n<h3>Aruba &#8211; Aruba Switching Fundamentals (ASFM)<\/h3>\n<h6>In this course, participants learn about ArubaOS switch technologies including: VLANs, secure access, redundancy technologies such as MSTP, link aggregation techniques including LACP, and switch virtualization with Aruba\u2019s Virtual Switching Framework (VSF). You also learn about IP Routing including static and dynamic IP routing with OSPF. This course teaches you how to deploy Aruba wireless Access Points and configure Aruba Instant Access Point (IAP) Clustering technology. It also teaches you how to configure, manage and monitor the network with the Aruba AirWave management solution.<\/h6>\n<p>\n<\/div><\/div><\/div><\/div><\/div><\/section><section class=\"kc-elm kc-css-48320 kc_row\"><div class=\"kc-row-container  kc-container\"><div class=\"kc-wrap-columns\"><div class=\"kc-elm kc-css-682808 kc_col-sm-12 kc_column kc_col-sm-12\"><div class=\"kc-col-container\"><div class=\"kc-elm kc-css-583450\" style=\"height: 20px; clear: both; width:100%;\"><\/div><\/div><\/div><\/div><\/div><\/section><section class=\"kc-elm kc-css-337894 kc_row\"><div class=\"kc-row-container  kc-container\"><div class=\"kc-wrap-columns\"><div class=\"kc-elm kc-css-872787 kc_col-sm-12 kc_column kc_col-sm-12\"><div class=\"kc-col-container\"><div class=\"kc-elm kc-css-946978 kc_text_block\"><\/p>\n<h3>Aruba &#8211; AirWave Wireless Management Suite Installation, Configuration and Use (AICU)<\/h3>\n<h6>This hands-on course prepares you with the knowledge and experience required to install and use the AirWave Wireless Management Suite: AirWave Management Platform (AMP), RAPIDS, Visual RF, network health diagnostics, client troubleshooting, alerts and reporting. In this course, you learn about AirWave\u2019s capabilities in troubleshooting network health and client status via the various stages of association and authentication, as well as redundancy and master consoles for large networks.<\/h6>\n<p>\n<\/div><\/div><\/div><\/div><\/div><\/section><section class=\"kc-elm kc-css-711633 kc_row\"><div class=\"kc-row-container  kc-container\"><div class=\"kc-wrap-columns\"><div class=\"kc-elm kc-css-143928 kc_col-sm-12 kc_column kc_col-sm-12\"><div class=\"kc-col-container\"><div class=\"kc-elm kc-css-994612\" style=\"height: 20px; clear: both; width:100%;\"><\/div><\/div><\/div><\/div><\/div><\/section><section class=\"kc-elm kc-css-321109 kc_row\"><div class=\"kc-row-container  kc-container\"><div class=\"kc-wrap-columns\"><div class=\"kc-elm kc-css-909270 kc_col-sm-12 kc_column kc_col-sm-12\"><div class=\"kc-col-container\"><div class=\"kc-elm kc-css-476814 kc_text_block\"><\/p>\n<h3>Aruba &#8211; Implementing Aruba Mobility (IAM)<\/h3>\n<h6>Old Course Name:<br \/>\nAruba &#8211; Scalable WLAN Design &amp; Implementation (SWDI) 8.0<\/h6>\n<h6>This course teaches the knowledge, skills and practical experience required to set up and configure advanced features on Aruba WLAN utilizing the AOS 8.X architecture and features. This course includes lectures and labs which provide the technical understanding and hands-on experience of configuring a redundant Mobility Master with two controllers and two APs. Participants will learn how install a redundant Aruba WLAN network with clustering while using many features like Multizone for guest access, voice optimization and tunneled node. This course includes the AirWave management system and troubleshooting commands.<\/h6>\n<h5>The Implementing Aruba Mobility course provides the underlying material required to prepare candidates for the Aruba Certified Mobility Professional (ACMP) V8 certification exam.<\/h5>\n<p>\n<\/div><\/div><\/div><\/div><\/div><\/section><section class=\"kc-elm kc-css-889736 kc_row\"><div class=\"kc-row-container  kc-container\"><div class=\"kc-wrap-columns\"><div class=\"kc-elm kc-css-367739 kc_col-sm-12 kc_column kc_col-sm-12\"><div class=\"kc-col-container\"><div class=\"kc-elm kc-css-713642\" style=\"height: 20px; clear: both; width:100%;\"><\/div><\/div><\/div><\/div><\/div><\/section><\/p>\n","protected":false},"excerpt":{"rendered":"","protected":false},"author":1,"featured_media":0,"parent":0,"menu_order":0,"comment_status":"closed","ping_status":"closed","template":"tpl-king-composer.php","meta":{"spay_email":""},"_links":{"self":[{"href":"https:\/\/www.ideus.com.tr\/index.php\/wp-json\/wp\/v2\/pages\/2117"}],"collection":[{"href":"https:\/\/www.ideus.com.tr\/index.php\/wp-json\/wp\/v2\/pages"}],"about":[{"href":"https:\/\/www.ideus.com.tr\/index.php\/wp-json\/wp\/v2\/types\/page"}],"author":[{"embeddable":true,"href":"https:\/\/www.ideus.com.tr\/index.php\/wp-json\/wp\/v2\/users\/1"}],"replies":[{"embeddable":true,"href":"https:\/\/www.ideus.com.tr\/index.php\/wp-json\/wp\/v2\/comments?post=2117"}],"version-history":[{"count":21,"href":"https:\/\/www.ideus.com.tr\/index.php\/wp-json\/wp\/v2\/pages\/2117\/revisions"}],"predecessor-version":[{"id":2284,"href":"https:\/\/www.ideus.com.tr\/index.php\/wp-json\/wp\/v2\/pages\/2117\/revisions\/2284"}],"wp:attachment":[{"href":"https:\/\/www.ideus.com.tr\/index.php\/wp-json\/wp\/v2\/media?parent=2117"}],"curies":[{"name":"wp","href":"https:\/\/api.w.org\/{rel}","templated":true}]}}